{"id":2636,"date":"2022-07-11T16:28:35","date_gmt":"2022-07-11T14:28:35","guid":{"rendered":"http:\/\/campinglemontana.fr\/politique-de-confidentialite\/"},"modified":"2022-11-03T15:14:20","modified_gmt":"2022-11-03T14:14:20","slug":"informativa-sulla-privacy","status":"publish","type":"page","link":"https:\/\/www.campinglemontana.fr\/it\/informativa-sulla-privacy\/","title":{"rendered":"Informativa sulla privacy"},"content":{"rendered":"<section id=\"ls-section-block_5e7a20f7a8e1d8e03bb54651395028ba\" class=\"ls-section  politiquedeconf\" >\r\n        <div class=\"container container--wide\">\r\n        \n\n<h1 class=\"ls__heading has-text-align-center ls__heading-undefined has-color-1-color has-text-color wp-block-heading\">Informativa sulla privacy<\/h1>\n\n\n\n<p class=\"ls-paragraph\">La presente Informativa sulla privacy descrive i dati personali che vengono raccolti o generati (elaborati) quando si utilizza il sito web. La presente Informativa sulla privacy descrive i tipi di dati personali raccolti quando si utilizza il nostro sito e le modalit\u00e0 di utilizzo, condivisione e protezione dei dati personali. Inoltre, spiega le possibilit\u00e0 di scelta dell&#8217;utente in merito ai propri dati personali e le modalit\u00e0 di contatto con noi.<\/p>\n\n\n\n<h2 class=\"ls__heading ls__heading-undefined has-color-1-color has-text-color wp-block-heading\">Indice dei contenuti<\/h2>\n\n\n\n<ul class=\"ls-list ls-list-undefined ls__list-undefined wp-block-list\">\n<li><a href=\"#gdpr-1\">Chi siamo?<\/a><\/li>\n\n\n\n<li><a href=\"#gdpr-2\">Utilizzo dei dati personali raccolti<\/a><\/li>\n\n\n\n<li><a href=\"#gdpr-3\">Commenti<\/a><\/li>\n\n\n\n<li><a href=\"#gdpr-4\">Media<\/a><\/li>\n\n\n\n<li><a href=\"#gdpr-5\">Moduli di contatto<\/a><\/li>\n\n\n\n<li><a href=\"#gdpr-6\">Utilizzo dei cookie<\/a><\/li>\n\n\n\n<li><a href=\"#gdpr-7\">Statistiche e misurazione dell&#8217;audience<\/a><\/li>\n\n\n\n<li><a href=\"#gdpr-8\">Per quanto tempo vengono conservati i vostri dati<\/a><\/li>\n\n\n\n<li><a href=\"#gdpr-9\">I diritti che avete sui vostri dati<\/a><\/li>\n\n\n\n<li><a href=\"#gdpr-10\">Trasmissione dei dati personali<\/a><\/li>\n\n\n\n<li><a href=\"#gdpr-11\">Come proteggiamo i vostri dati<\/a><\/li>\n\n\n\n<li><a href=\"#gdpr-12\">Informazioni di contatto<\/a><\/li>\n<\/ul>\n\n\n\n<h2 class=\"ls__heading ls__heading-undefined has-color-1-color has-text-color wp-block-heading\" id=\"gdpr-1\">Chi siamo?<\/h2>\n\n\n\n<p class=\"ls-paragraph ls__paragraph\">Scoprite tutte le nostre informazioni nella pagina <a href=\"\/it\/avvisi-legali\/\">legale<\/a>.<\/p>\n\n\n\n<h2 class=\"ls__heading ls__heading-undefined has-color-1-color has-text-color wp-block-heading\" id=\"gdpr-2\">Utilizzo dei dati personali raccolti<\/h2>\n\n\n\n<p class=\"ls-paragraph ls__paragraph\">Non raccogliamo automaticamente e direttamente alcun dato su di voi.<\/p>\n\n\n\n<p class=\"ls-paragraph\">Ciononostante, possiamo raccogliere informazioni, anche personali, da terze parti (si veda la sezione <a href=\"#gdpr-5\">Cookie<\/a>).<\/p>\n\n\n\n<h2 class=\"ls__heading ls__heading-undefined has-color-1-color has-text-color wp-block-heading\" id=\"gdpr-3\">Commenti<\/h2>\n\n\n\n<p class=\"ls-paragraph ls__paragraph\">Quando lasciate un commento sul nostro sito web, vengono raccolti non solo i dati inseriti nel modulo di commento, ma anche il vostro indirizzo IP e l&#8217;user agent del browser per aiutarci a individuare i commenti indesiderati.<\/p>\n\n\n\n<p class=\"ls-paragraph ls__paragraph\">Una stringa anonima creata dal vostro indirizzo e-mail (nota anche come hash) pu\u00f2 essere inviata al servizio Gravatar per verificare se state utilizzando il servizio. L&#8217;informativa sulla privacy del servizio Gravatar \u00e8 disponibile all&#8217;indirizzo https:\/\/automattic.com\/privacy\/. Dopo l&#8217;approvazione del commento, la foto del profilo sar\u00e0 visibile pubblicamente accanto al commento.<\/p>\n\n\n\n<h2 class=\"ls__heading ls__heading-undefined has-color-1-color has-text-color wp-block-heading\" id=\"gdpr-4\">Media<\/h2>\n\n\n\n<p class=\"ls-paragraph ls__paragraph\">Se siete utenti registrati e caricate immagini sul sito, vi consigliamo di evitare di caricare immagini contenenti dati EXIF di coordinate GPS. I visitatori del vostro sito web possono scaricare ed estrarre i dati di localizzazione da queste immagini.<\/p>\n\n\n\n<h2 class=\"ls__heading ls__heading-undefined has-color-1-color has-text-color wp-block-heading\" id=\"gdpr-5\">Moduli di contatto<\/h2>\n\n\n\n<p class=\"ls-paragraph\">Potete scegliere di fornirci informazioni quando compilate un modulo; tali informazioni ci saranno inviate via e-mail e non saranno memorizzate in nessun altro luogo se non nel nostro servizio di posta elettronica, e saranno utilizzate al solo scopo di rispondere alla vostra richiesta. Se le informazioni possono essere utilizzate per scopi commerciali, ci\u00f2 sar\u00e0 indicato alla fine del modulo. Quando raccogliamo informazioni tramite un modulo, chiediamo sempre il vostro consenso.<\/p>\n\n\n\n<h2 class=\"ls__heading ls__heading-undefined has-color-1-color has-text-color wp-block-heading\" id=\"gdpr-6\">Utilizzo dei cookie<\/h2>\n\n\n\n<p class=\"ls-paragraph\"><strong>Che cos&#8217;\u00e8 un biscotto?<\/strong><br>Un cookie \u00e8 un piccolo file di dati che viene trasferito e memorizzato sul vostro dispositivo. In pratica, un cookie ci permette, ad esempio, di riconoscere il vostro browser, la vostra lingua o di memorizzare le vostre preferenze.<br>Sul nostro sito vengono utilizzati due tipi di cookie: &#8220;cookie di sessione&#8221; e &#8220;cookie persistenti&#8221;. I cookie di sessione scadono quando si chiude il browser, mentre i cookie persistenti rimangono sul dispositivo anche dopo la chiusura del browser e possono essere riutilizzati alla successiva visita del sito.<\/p>\n\n\n\n<p class=\"ls-paragraph\">Maggiori informazioni su <a href=\"http:\/\/allaboutcookies.org\/\">allaboutcookies.org<\/a>.<\/p>\n\n\n\n<p class=\"ls-paragraph ls__paragraph\"><strong>I nostri cookie<\/strong><\/p>\n\n\n\n<p class=\"ls-paragraph ls__paragraph\">Se lasciate un commento sul nostro sito, vi verr\u00e0 chiesto di salvare il vostro nome, indirizzo e-mail e sito web nei cookie. Questo \u00e8 solo per comodit\u00e0, in modo da non dover inserire queste informazioni se si lascia un altro commento in seguito. Questi cookie scadono dopo un anno.<\/p>\n\n\n\n<p class=\"ls-paragraph ls__paragraph\">Se si dispone di un account e si accede a questo sito, verr\u00e0 creato un cookie temporaneo per determinare se il browser accetta i cookie. Non contiene dati personali e verr\u00e0 cancellato automaticamente alla chiusura del browser.<\/p>\n\n\n\n<p class=\"ls-paragraph\">Quando l&#8217;utente accede, vengono impostati alcuni cookie per memorizzare le informazioni di accesso e le preferenze dello schermo. La durata di un cookie di accesso \u00e8 di due giorni, mentre la durata di un cookie di preferenza dello schermo \u00e8 di un anno. Se si seleziona &#8220;Ricordami&#8221;, il cookie di accesso verr\u00e0 conservato per quindici giorni. Se si esce dal proprio account, il cookie di accesso viene cancellato.<\/p>\n\n\n\n<p class=\"ls-paragraph ls__paragraph\">Quando si modifica o si pubblica un articolo, nel browser dell&#8217;utente viene memorizzato un ulteriore cookie. Questo cookie non contiene dati personali. Indica semplicemente l&#8217;identificatore dell&#8217;articolo appena modificato. Scade dopo un giorno.<\/p>\n\n\n\n<p class=\"ls-paragraph ls__paragraph\"><strong>Cookie di terze parti<\/strong><\/p>\n\n\n\n<p class=\"ls-paragraph ls__paragraph\">Gli articoli di questo sito possono includere contenuti incorporati (ad esempio video, immagini, articoli\u2026). I contenuti incorporati di altri siti si comportano come se il visitatore si trovasse su quell&#8217;altro sito.<\/p>\n\n\n\n<p class=\"ls-paragraph ls__paragraph\">Questi siti web possono raccogliere dati sull&#8217;utente, utilizzare cookie, incorporare strumenti di tracciamento di terze parti, tracciare le interazioni dell&#8217;utente con questi contenuti incorporati se l&#8217;utente ha un account registrato sul loro sito web.<\/p>\n\n\n\n<p class=\"ls-paragraph\">Possiamo consentire ad alcuni partner commerciali di installare tecnologie sul nostro sito. Questi partner utilizzano queste tecnologie per aiutarci ad analizzare il modo in cui l&#8217;utente utilizza il sito, ad esempio annotando i servizi di terze parti attraverso i quali l&#8217;utente \u00e8 arrivato alla Piattaforma, per commercializzare e promuovere i nostri servizi sul nostro sito e su siti web di terze parti, per aiutarci a rilevare e prevenire le frodi o a condurre valutazioni del rischio, o per raccogliere informazioni sulle vostre attivit\u00e0 sul sito web.<\/p>\n\n\n\n<p class=\"ls-paragraph\">Il nostro sito web pu\u00f2 utilizzare social plugin forniti e gestiti da societ\u00e0 terze, come il pulsante &#8220;Mi piace&#8221; di Facebook. Di conseguenza, l&#8217;utente pu\u00f2 inviare a terzi le informazioni che visualizza in una particolare area del nostro sito. Se l&#8217;utente non ha effettuato l&#8217;accesso al proprio account presso la terza parte, quest&#8217;ultima non sapr\u00e0 chi \u00e8 l&#8217;utente. Se l&#8217;utente ha effettuato l&#8217;accesso al proprio account con la terza parte, quest&#8217;ultima pu\u00f2 collegare le informazioni o le azioni relative alle interazioni dell&#8217;utente con il nostro sito al suo account con la terza parte. Si prega di consultare l&#8217;informativa sulla privacy della terza parte per saperne di pi\u00f9 sulle sue pratiche di trattamento dei dati.<\/p>\n\n\n\n<p class=\"ls-paragraph\">L&#8217;elenco dei cookie di terze parti utilizzati su questo sito \u00e8 disponibile nel pannello di <a href=\"\/#moove_gdpr_cookie_modal\">gestione dei cookie<\/a>.<\/p>\n\n\n\n<h2 class=\"ls__heading ls__heading-undefined has-color-1-color has-text-color wp-block-heading\" id=\"gdpr-7\">Statistiche e misurazione dell&#8217;audience<\/h2>\n\n\n\n<p class=\"ls-paragraph ls__paragraph\">In termini di analisi, lavoriamo con Google Analytics per ottenere informazioni sull&#8217;utilizzo del nostro sito web al fine di migliorarlo. Questa funzione pu\u00f2 essere disattivata dal pannello di <a href=\"\/#moove_gdpr_cookie_modal\">gestione dei cookie<\/a>.<\/p>\n\n\n\n<p class=\"ls-paragraph\">Per impedire a Google Analytics di utilizzare i vostri dati per l&#8217;analisi, potete anche installare il componente aggiuntivo del browser Google Analytics Opt-out <a href=\"http:\/\/tools.google.com\/dlpage\/gaoptout\">qui<\/a>. Si noti che non abbiamo alcun controllo su questo link di opt-out e non siamo responsabili della disponibilit\u00e0 o dell&#8217;accuratezza di questo meccanismo. Per ulteriori informazioni, consultare questa documentazione.<\/p>\n\n\n\n<h2 class=\"ls__heading ls__heading-undefined has-color-1-color has-text-color wp-block-heading\" id=\"gdpr-8\">Per quanto tempo vengono conservati i vostri dati<\/h2>\n\n\n\n<p class=\"ls-paragraph ls__paragraph\">Se si lascia un commento, il commento e i relativi metadati vengono conservati a tempo indeterminato. In questo modo i commenti successivi vengono riconosciuti e approvati automaticamente, anzich\u00e9 rimanere nella coda di moderazione.<\/p>\n\n\n\n<p class=\"ls-paragraph ls__paragraph\">Per gli utenti che si registrano sul nostro sito (se possibile), memorizziamo anche i dati personali indicati nel loro profilo. Tutti gli utenti possono visualizzare, modificare o cancellare le proprie informazioni personali in qualsiasi momento (ad eccezione del nome utente). Anche i responsabili del sito possono visualizzare e modificare queste informazioni.<\/p>\n\n\n\n<h2 class=\"ls__heading ls__heading-undefined has-color-1-color has-text-color wp-block-heading\" id=\"gdpr-9\">I diritti che avete sui vostri dati<\/h2>\n\n\n\n<p class=\"ls-paragraph ls__paragraph\">Se avete un account o avete lasciato commenti sul sito, potete richiedere di ricevere un file contenente tutti i dati personali in nostro possesso, compresi quelli che ci avete fornito. \u00c8 inoltre possibile richiedere la cancellazione dei propri dati personali. Non sono compresi i dati memorizzati per scopi amministrativi, legali o di sicurezza.<\/p>\n\n\n\n<h2 class=\"ls__heading ls__heading-undefined has-color-1-color has-text-color wp-block-heading\" id=\"gdpr-10\">Trasmissione dei dati personali<\/h2>\n\n\n\n<p class=\"ls-paragraph\">I commenti dei visitatori possono essere controllati con un servizio automatico di rilevamento dello spam.<br>Tutti i dati personali che trattiamo sono elaborati nell&#8217;Unione Europea.<\/p>\n\n\n\n<h2 class=\"ls__heading ls__heading-undefined has-color-1-color has-text-color wp-block-heading\" id=\"gdpr-11\">Come proteggiamo i vostri dati<\/h2>\n\n\n\n<p class=\"ls-paragraph\">Implementiamo e aggiorniamo continuamente la <strong>sicurezza <\/strong>del sito per proteggere le vostre informazioni da accessi non autorizzati, perdita, distruzione o alterazione. Per questo motivo lavoriamo per rendere i vostri dati il pi\u00f9 invulnerabili possibile. Poich\u00e9 Internet non \u00e8 un ambiente sicuro al 100%, non possiamo garantire completamente la sicurezza della trasmissione o dell&#8217;archiviazione delle vostre informazioni.<\/p>\n\n\n\n<h2 class=\"ls__heading ls__heading-undefined has-color-1-color has-text-color wp-block-heading\" id=\"gdpr-12\">Informazioni di contatto<\/h2>\n\n\n\n<p class=\"ls-paragraph ls__paragraph\">Per qualsiasi richiesta o domanda sui vostri dati personali, vi preghiamo di contattarci all&#8217;indirizzo rgpd@geek-tonic.com; ulteriori informazioni di contatto sono disponibili nella nostra nota <a href=\"\/it\/avvisi-legali\/\">legale<\/a>. Prima di dare seguito alla vostra richiesta, potremmo chiedervi di verificare la vostra identit\u00e0.<\/p>\n\n\r\n    <\/div>\r\n<\/section>","protected":false},"excerpt":{"rendered":"","protected":false},"author":1,"featured_media":0,"parent":0,"menu_order":0,"comment_status":"closed","ping_status":"closed","template":"","meta":{"_acf_changed":false,"footnotes":""},"sujet":[],"class_list":["post-2636","page","type-page","status-publish","hentry"],"acf":[],"yoast_head":"<!-- This site is optimized with the Yoast SEO plugin v23.4 - https:\/\/yoast.com\/wordpress\/plugins\/seo\/ -->\n<title>Informativa sulla privacy - Camping Le Montana<\/title>\n<meta name=\"robots\" content=\"index, nofollow, max-snippet:-1, max-image-preview:large, max-video-preview:-1\" \/>\n<link rel=\"canonical\" href=\"https:\/\/www.campinglemontana.fr\/it\/informativa-sulla-privacy\/\" \/>\n<meta property=\"og:locale\" content=\"it_IT\" \/>\n<meta property=\"og:type\" content=\"article\" \/>\n<meta property=\"og:title\" content=\"Informativa sulla privacy - Camping Le Montana\" \/>\n<meta property=\"og:url\" content=\"https:\/\/www.campinglemontana.fr\/it\/informativa-sulla-privacy\/\" \/>\n<meta property=\"og:site_name\" content=\"Camping Le Montana\" \/>\n<meta property=\"article:modified_time\" content=\"2022-11-03T14:14:20+00:00\" \/>\n<meta name=\"twitter:card\" content=\"summary_large_image\" \/>\n<meta name=\"twitter:label1\" content=\"Tempo di lettura stimato\" \/>\n\t<meta name=\"twitter:data1\" content=\"7 minuti\" \/>\n<script type=\"application\/ld+json\" class=\"yoast-schema-graph\">{\"@context\":\"https:\/\/schema.org\",\"@graph\":[{\"@type\":\"WebPage\",\"@id\":\"https:\/\/www.campinglemontana.fr\/it\/informativa-sulla-privacy\/\",\"url\":\"https:\/\/www.campinglemontana.fr\/it\/informativa-sulla-privacy\/\",\"name\":\"Informativa sulla privacy - Camping Le Montana\",\"isPartOf\":{\"@id\":\"https:\/\/www.campinglemontana.fr\/it\/#website\"},\"datePublished\":\"2022-07-11T14:28:35+00:00\",\"dateModified\":\"2022-11-03T14:14:20+00:00\",\"breadcrumb\":{\"@id\":\"https:\/\/www.campinglemontana.fr\/it\/informativa-sulla-privacy\/#breadcrumb\"},\"inLanguage\":\"it-IT\",\"potentialAction\":[{\"@type\":\"ReadAction\",\"target\":[\"https:\/\/www.campinglemontana.fr\/it\/informativa-sulla-privacy\/\"]}]},{\"@type\":\"BreadcrumbList\",\"@id\":\"https:\/\/www.campinglemontana.fr\/it\/informativa-sulla-privacy\/#breadcrumb\",\"itemListElement\":[{\"@type\":\"ListItem\",\"position\":1,\"name\":\"Campeggio Hautes-Alpes\",\"item\":\"https:\/\/www.campinglemontana.fr\/it\/\"},{\"@type\":\"ListItem\",\"position\":2,\"name\":\"Informativa sulla privacy\"}]},{\"@type\":\"WebSite\",\"@id\":\"https:\/\/www.campinglemontana.fr\/it\/#website\",\"url\":\"https:\/\/www.campinglemontana.fr\/it\/\",\"name\":\"Camping Le Montana\",\"description\":\"\",\"publisher\":{\"@id\":\"https:\/\/www.campinglemontana.fr\/it\/#organization\"},\"potentialAction\":[{\"@type\":\"SearchAction\",\"target\":{\"@type\":\"EntryPoint\",\"urlTemplate\":\"https:\/\/www.campinglemontana.fr\/it\/?s={search_term_string}\"},\"query-input\":{\"@type\":\"PropertyValueSpecification\",\"valueRequired\":true,\"valueName\":\"search_term_string\"}}],\"inLanguage\":\"it-IT\"},{\"@type\":\"Organization\",\"@id\":\"https:\/\/www.campinglemontana.fr\/it\/#organization\",\"name\":\"Camping Le Montana\",\"url\":\"https:\/\/www.campinglemontana.fr\/it\/\",\"logo\":{\"@type\":\"ImageObject\",\"inLanguage\":\"it-IT\",\"@id\":\"https:\/\/www.campinglemontana.fr\/it\/#\/schema\/logo\/image\/\",\"url\":\"http:\/\/campinglemontana.fr\/wp-content\/uploads\/2022\/07\/logo-camping-montana_favicon-1.png\",\"contentUrl\":\"http:\/\/campinglemontana.fr\/wp-content\/uploads\/2022\/07\/logo-camping-montana_favicon-1.png\",\"width\":4052,\"height\":4051,\"caption\":\"Camping Le Montana\"},\"image\":{\"@id\":\"https:\/\/www.campinglemontana.fr\/it\/#\/schema\/logo\/image\/\"}}]}<\/script>\n<!-- \/ Yoast SEO plugin. -->","yoast_head_json":{"title":"Informativa sulla privacy - Camping Le Montana","robots":{"index":"index","follow":"nofollow","max-snippet":"max-snippet:-1","max-image-preview":"max-image-preview:large","max-video-preview":"max-video-preview:-1"},"canonical":"https:\/\/www.campinglemontana.fr\/it\/informativa-sulla-privacy\/","og_locale":"it_IT","og_type":"article","og_title":"Informativa sulla privacy - Camping Le Montana","og_url":"https:\/\/www.campinglemontana.fr\/it\/informativa-sulla-privacy\/","og_site_name":"Camping Le Montana","article_modified_time":"2022-11-03T14:14:20+00:00","twitter_card":"summary_large_image","twitter_misc":{"Tempo di lettura stimato":"7 minuti"},"schema":{"@context":"https:\/\/schema.org","@graph":[{"@type":"WebPage","@id":"https:\/\/www.campinglemontana.fr\/it\/informativa-sulla-privacy\/","url":"https:\/\/www.campinglemontana.fr\/it\/informativa-sulla-privacy\/","name":"Informativa sulla privacy - Camping Le Montana","isPartOf":{"@id":"https:\/\/www.campinglemontana.fr\/it\/#website"},"datePublished":"2022-07-11T14:28:35+00:00","dateModified":"2022-11-03T14:14:20+00:00","breadcrumb":{"@id":"https:\/\/www.campinglemontana.fr\/it\/informativa-sulla-privacy\/#breadcrumb"},"inLanguage":"it-IT","potentialAction":[{"@type":"ReadAction","target":["https:\/\/www.campinglemontana.fr\/it\/informativa-sulla-privacy\/"]}]},{"@type":"BreadcrumbList","@id":"https:\/\/www.campinglemontana.fr\/it\/informativa-sulla-privacy\/#breadcrumb","itemListElement":[{"@type":"ListItem","position":1,"name":"Campeggio Hautes-Alpes","item":"https:\/\/www.campinglemontana.fr\/it\/"},{"@type":"ListItem","position":2,"name":"Informativa sulla privacy"}]},{"@type":"WebSite","@id":"https:\/\/www.campinglemontana.fr\/it\/#website","url":"https:\/\/www.campinglemontana.fr\/it\/","name":"Camping Le Montana","description":"","publisher":{"@id":"https:\/\/www.campinglemontana.fr\/it\/#organization"},"potentialAction":[{"@type":"SearchAction","target":{"@type":"EntryPoint","urlTemplate":"https:\/\/www.campinglemontana.fr\/it\/?s={search_term_string}"},"query-input":{"@type":"PropertyValueSpecification","valueRequired":true,"valueName":"search_term_string"}}],"inLanguage":"it-IT"},{"@type":"Organization","@id":"https:\/\/www.campinglemontana.fr\/it\/#organization","name":"Camping Le Montana","url":"https:\/\/www.campinglemontana.fr\/it\/","logo":{"@type":"ImageObject","inLanguage":"it-IT","@id":"https:\/\/www.campinglemontana.fr\/it\/#\/schema\/logo\/image\/","url":"http:\/\/campinglemontana.fr\/wp-content\/uploads\/2022\/07\/logo-camping-montana_favicon-1.png","contentUrl":"http:\/\/campinglemontana.fr\/wp-content\/uploads\/2022\/07\/logo-camping-montana_favicon-1.png","width":4052,"height":4051,"caption":"Camping Le Montana"},"image":{"@id":"https:\/\/www.campinglemontana.fr\/it\/#\/schema\/logo\/image\/"}}]}},"_links":{"self":[{"href":"https:\/\/www.campinglemontana.fr\/it\/wp-json\/wp\/v2\/pages\/2636","targetHints":{"allow":["GET"]}}],"collection":[{"href":"https:\/\/www.campinglemontana.fr\/it\/wp-json\/wp\/v2\/pages"}],"about":[{"href":"https:\/\/www.campinglemontana.fr\/it\/wp-json\/wp\/v2\/types\/page"}],"author":[{"embeddable":true,"href":"https:\/\/www.campinglemontana.fr\/it\/wp-json\/wp\/v2\/users\/1"}],"replies":[{"embeddable":true,"href":"https:\/\/www.campinglemontana.fr\/it\/wp-json\/wp\/v2\/comments?post=2636"}],"version-history":[{"count":3,"href":"https:\/\/www.campinglemontana.fr\/it\/wp-json\/wp\/v2\/pages\/2636\/revisions"}],"predecessor-version":[{"id":3177,"href":"https:\/\/www.campinglemontana.fr\/it\/wp-json\/wp\/v2\/pages\/2636\/revisions\/3177"}],"wp:attachment":[{"href":"https:\/\/www.campinglemontana.fr\/it\/wp-json\/wp\/v2\/media?parent=2636"}],"wp:term":[{"taxonomy":"sujet","embeddable":true,"href":"https:\/\/www.campinglemontana.fr\/it\/wp-json\/wp\/v2\/sujet?post=2636"}],"curies":[{"name":"wp","href":"https:\/\/api.w.org\/{rel}","templated":true}]}}